{"id":115,"date":"2018-10-24T04:26:25","date_gmt":"2018-10-24T04:26:25","guid":{"rendered":"https:\/\/futuriodemos.com\/default-demo\/?page_id=115"},"modified":"2024-01-11T17:28:40","modified_gmt":"2024-01-11T17:28:40","slug":"full-width-page-no-gaps-title-image-sidebar","status":"publish","type":"page","link":"https:\/\/ankaroad.com.tr\/?page_id=115","title":{"rendered":"AnkaRoad Sanat Haritas\u0131"},"content":{"rendered":"<div class=\"wp-block-image\">\n<figure class=\"aligncenter size-large\"><img fetchpriority=\"high\" decoding=\"async\" width=\"1024\" height=\"576\" src=\"https:\/\/ankaroad.com.tr\/wp-content\/uploads\/2024\/01\/Group-13-1024x576.png\" alt=\"\" class=\"wp-image-325\" srcset=\"https:\/\/ankaroad.com.tr\/wp-content\/uploads\/2024\/01\/Group-13-1024x576.png 1024w, https:\/\/ankaroad.com.tr\/wp-content\/uploads\/2024\/01\/Group-13-300x169.png 300w, https:\/\/ankaroad.com.tr\/wp-content\/uploads\/2024\/01\/Group-13-768x432.png 768w, https:\/\/ankaroad.com.tr\/wp-content\/uploads\/2024\/01\/Group-13-1536x864.png 1536w, https:\/\/ankaroad.com.tr\/wp-content\/uploads\/2024\/01\/Group-13-1140x641.png 1140w, https:\/\/ankaroad.com.tr\/wp-content\/uploads\/2024\/01\/Group-13-720x405.png 720w, https:\/\/ankaroad.com.tr\/wp-content\/uploads\/2024\/01\/Group-13.png 2000w\" sizes=\"(max-width: 1024px) 100vw, 1024px\" \/><\/figure>\n<\/div>\n\n\n<p>Sanat eserleri ya\u015fayan, insan ile ya\u015fayan varl\u0131klard\u0131r. Toplum ile \u015fekillenen de\u011fi\u015fen \u00e7a\u011fa ve d\u00fczene ayak uydurmay\u0131 ba\u015farabilen, \u015fehrin karma\u015fas\u0131 i\u00e7erisinde kendisine yer edinebilen sanat eseri \u015fehrin par\u00e7as\u0131 olman\u0131n \u00f6tesinde \u015fehrin kendisi olmaya ba\u015flar. Ba\u015fkentin bizimle ya\u015fayan simgeleri, belki de o simgelerle ya\u015fayan bizler; Cumhuriyetin kurulu\u015fundan beri bu \u015fehri payla\u015f\u0131yoruz. Ankara denilince akla ilk gelen \u015feyler i\u00e7inde hep onlardan biri oluyor. Her g\u00fcn \u00f6n\u00fclerinden ge\u00e7iyoruz bu heykellerin, baz\u0131lar\u0131m\u0131z her sabah tam kar\u015f\u0131s\u0131ndaki durakta otob\u00fcs bekliyoruz, k\u0131\u015f\u0131n bizimle Ankara\u2019n\u0131n o keskin ayaz\u0131na g\u00f6\u011f\u00fcs geriyorlar, yeri geliyor yaz\u0131n g\u00f6lgelerinde durup bir nefes al\u0131yoruz, \u2018\u2019neredesin?\u2019\u2019 sorusuna onlardan birinin \u00f6n\u00fcnde yan\u0131t verip uzun uzun bekliyor oluyoruz. Biz onlarla onlar bizimle var oluyor Ankara\u2019n\u0131n s\u00f6zde gri d\u00fczeni i\u00e7erisinde. Bu harita Ankara sokaklar\u0131n\u0131n sessiz sakinlerini yak\u0131ndan tan\u0131mam\u0131z\u0131, onlara her zamankinden farkl\u0131 bir g\u00f6zle yakla\u015fmam\u0131z\u0131, onlar\u0131n bizi tan\u0131d\u0131\u011f\u0131 kadar bizim de onlar\u0131 tan\u0131mam\u0131z\u0131 sa\u011flamay\u0131 hedefliyor. Hepsinin isimleri, tarihleri, baz\u0131lar\u0131n\u0131n hi\u00e7 beklemedi\u011finiz hikayeleri, ya\u015fanm\u0131\u015fl\u0131klar\u0131, hatta t\u0131pk\u0131 bizle gibi kay\u0131plar\u0131 bile var. Umar\u0131z ki bu harita e\u015fli\u011finde yola \u00e7\u0131kar; arkada\u015flar\u0131n\u0131zla keyif dolu bir g\u00fcnde ya da kulakl\u0131\u011f\u0131n\u0131zla Ulus\u2019tan K\u0131z\u0131lay&#8217;a, K\u0131z\u0131lay\u2019dan Ku\u011fulu\u2019ya y\u00fcr\u00fcyece\u011finiz sakin bir ak\u015fam \u00fczerinde hepsine teker teker u\u011frar ve bizden de selam s\u00f6ylersiniz.<\/p>\n\n\n\n<p><\/p>\n\n\n<div class=\"wp-block-image is-style-default\">\n<figure class=\"aligncenter size-large\"><img decoding=\"async\" width=\"1024\" height=\"958\" src=\"https:\/\/ankaroad.com.tr\/wp-content\/uploads\/2024\/01\/bitirmeprojesi-21-1024x958.png\" alt=\"\" class=\"wp-image-332\" srcset=\"https:\/\/ankaroad.com.tr\/wp-content\/uploads\/2024\/01\/bitirmeprojesi-21-1024x958.png 1024w, https:\/\/ankaroad.com.tr\/wp-content\/uploads\/2024\/01\/bitirmeprojesi-21-300x281.png 300w, https:\/\/ankaroad.com.tr\/wp-content\/uploads\/2024\/01\/bitirmeprojesi-21-768x719.png 768w, https:\/\/ankaroad.com.tr\/wp-content\/uploads\/2024\/01\/bitirmeprojesi-21.png 1273w\" sizes=\"(max-width: 1024px) 100vw, 1024px\" \/><\/figure>\n<\/div>\n\n\n<h2 class=\"wp-block-heading\"><\/h2>\n\n\n\n<h2 class=\"wp-block-heading\"><\/h2>\n","protected":false},"excerpt":{"rendered":"<p>Sanat eserleri ya\u015fayan, insan ile ya\u015fayan varl\u0131klard\u0131r. Toplum ile \u015fekillenen de\u011fi\u015fen \u00e7a\u011fa ve d\u00fczene ayak uydurmay\u0131 ba\u015farabilen, \u015fehrin karma\u015fas\u0131 i\u00e7erisinde kendisine yer edinebilen sanat eseri \u015fehrin par\u00e7as\u0131 olman\u0131n \u00f6tesinde \u015fehrin kendisi olmaya ba\u015flar. Ba\u015fkentin bizimle ya\u015fayan simgeleri, belki de o simgelerle ya\u015fayan bizler; Cumhuriyetin kurulu\u015fundan beri bu \u015fehri payla\u015f\u0131yoruz. Ankara denilince akla ilk gelen \u015feyler&hellip;<\/p>\n","protected":false},"author":1,"featured_media":336,"parent":0,"menu_order":0,"comment_status":"closed","ping_status":"closed","template":"","meta":{"footnotes":""},"class_list":["post-115","page","type-page","status-publish","has-post-thumbnail","hentry"],"_links":{"self":[{"href":"https:\/\/ankaroad.com.tr\/index.php?rest_route=\/wp\/v2\/pages\/115","targetHints":{"allow":["GET"]}}],"collection":[{"href":"https:\/\/ankaroad.com.tr\/index.php?rest_route=\/wp\/v2\/pages"}],"about":[{"href":"https:\/\/ankaroad.com.tr\/index.php?rest_route=\/wp\/v2\/types\/page"}],"author":[{"embeddable":true,"href":"https:\/\/ankaroad.com.tr\/index.php?rest_route=\/wp\/v2\/users\/1"}],"replies":[{"embeddable":true,"href":"https:\/\/ankaroad.com.tr\/index.php?rest_route=%2Fwp%2Fv2%2Fcomments&post=115"}],"version-history":[{"count":8,"href":"https:\/\/ankaroad.com.tr\/index.php?rest_route=\/wp\/v2\/pages\/115\/revisions"}],"predecessor-version":[{"id":427,"href":"https:\/\/ankaroad.com.tr\/index.php?rest_route=\/wp\/v2\/pages\/115\/revisions\/427"}],"wp:featuredmedia":[{"embeddable":true,"href":"https:\/\/ankaroad.com.tr\/index.php?rest_route=\/wp\/v2\/media\/336"}],"wp:attachment":[{"href":"https:\/\/ankaroad.com.tr\/index.php?rest_route=%2Fwp%2Fv2%2Fmedia&parent=115"}],"curies":[{"name":"wp","href":"https:\/\/api.w.org\/{rel}","templated":true}]}}