{"id":290,"date":"2024-01-11T16:57:04","date_gmt":"2024-01-11T16:57:04","guid":{"rendered":"https:\/\/ankaroad.com.tr\/?page_id=290"},"modified":"2024-01-11T16:59:59","modified_gmt":"2024-01-11T16:59:59","slug":"ankaroadin-dogusu-sakin-sessizler-ankara","status":"publish","type":"page","link":"https:\/\/ankaroad.com.tr\/?page_id=290","title":{"rendered":"AnkaRoad&#8217;\u0131n Do\u011fu\u015fu &#8220;Sakin Sessizler Ankara&#8221;"},"content":{"rendered":"\t\t<div data-elementor-type=\"wp-page\" data-elementor-id=\"290\" class=\"elementor elementor-290\">\n\t\t\t\t\t\t\t<div class=\"elementor-element elementor-element-10d4eb9 e-flex e-con-boxed e-con e-parent\" data-id=\"10d4eb9\" data-element_type=\"container\" data-settings=\"{&quot;content_width&quot;:&quot;boxed&quot;}\" data-core-v316-plus=\"true\">\n\t\t\t\t\t<div class=\"e-con-inner\">\n\t\t\t\t<div class=\"elementor-element elementor-element-7e5500d elementor-widget elementor-widget-image\" data-id=\"7e5500d\" data-element_type=\"widget\" data-widget_type=\"image.default\">\n\t\t\t\t<div class=\"elementor-widget-container\">\n\t\t\t<style>\/*! elementor - v3.18.0 - 20-12-2023 *\/\n.elementor-widget-image{text-align:center}.elementor-widget-image a{display:inline-block}.elementor-widget-image a img[src$=\".svg\"]{width:48px}.elementor-widget-image img{vertical-align:middle;display:inline-block}<\/style>\t\t\t\t\t\t\t\t\t\t\t\t<img fetchpriority=\"high\" decoding=\"async\" width=\"1024\" height=\"724\" src=\"https:\/\/ankaroad.com.tr\/wp-content\/uploads\/2024\/01\/bitirmeprojesi-1-1024x724.png\" class=\"attachment-large size-large wp-image-403\" alt=\"\" srcset=\"https:\/\/ankaroad.com.tr\/wp-content\/uploads\/2024\/01\/bitirmeprojesi-1-1024x724.png 1024w, https:\/\/ankaroad.com.tr\/wp-content\/uploads\/2024\/01\/bitirmeprojesi-1-300x212.png 300w, https:\/\/ankaroad.com.tr\/wp-content\/uploads\/2024\/01\/bitirmeprojesi-1-768x543.png 768w, https:\/\/ankaroad.com.tr\/wp-content\/uploads\/2024\/01\/bitirmeprojesi-1-1536x1086.png 1536w, https:\/\/ankaroad.com.tr\/wp-content\/uploads\/2024\/01\/bitirmeprojesi-1.png 1684w\" sizes=\"(max-width: 1024px) 100vw, 1024px\" \/>\t\t\t\t\t\t\t\t\t\t\t\t\t\t\t<\/div>\n\t\t\t\t<\/div>\n\t\t\t\t\t<\/div>\n\t\t\t\t<\/div>\n\t\t<div class=\"elementor-element elementor-element-a14c103 e-flex e-con-boxed e-con e-parent\" data-id=\"a14c103\" data-element_type=\"container\" data-settings=\"{&quot;content_width&quot;:&quot;boxed&quot;}\" data-core-v316-plus=\"true\">\n\t\t\t\t\t<div class=\"e-con-inner\">\n\t\t\t\t<div class=\"elementor-element elementor-element-05e43cb elementor-widget elementor-widget-text-editor\" data-id=\"05e43cb\" data-element_type=\"widget\" data-widget_type=\"text-editor.default\">\n\t\t\t\t<div class=\"elementor-widget-container\">\n\t\t\t<style>\/*! elementor - v3.18.0 - 20-12-2023 *\/\n.elementor-widget-text-editor.elementor-drop-cap-view-stacked .elementor-drop-cap{background-color:#69727d;color:#fff}.elementor-widget-text-editor.elementor-drop-cap-view-framed .elementor-drop-cap{color:#69727d;border:3px solid;background-color:transparent}.elementor-widget-text-editor:not(.elementor-drop-cap-view-default) .elementor-drop-cap{margin-top:8px}.elementor-widget-text-editor:not(.elementor-drop-cap-view-default) .elementor-drop-cap-letter{width:1em;height:1em}.elementor-widget-text-editor .elementor-drop-cap{float:left;text-align:center;line-height:1;font-size:50px}.elementor-widget-text-editor .elementor-drop-cap-letter{display:inline-block}<\/style>\t\t\t\t<p>&nbsp;&#8220;Sakin Sessizler Ankara&#8221; projesi, AnkaRoad&#8217;\u0131n olu\u015fumuna \u00f6nc\u00fc olan \u00e7al\u0131\u015fmad\u0131r. Bu \u00e7al\u0131\u015fman\u0131n y\u00fcr\u00fct\u00fclme s\u00fcreci, sanat eserlerinin dijital \u00e7izimleri, eserler hakk\u0131nda edinilen bilgiler \u015fu an AnkaRoad&#8217;\u0131n olu\u015fma s\u00fcrecine katk\u0131 sa\u011flam\u0131\u015f ve daha kapsaml\u0131 hale gelmesini sa\u011flam\u0131\u015f bir ilk ad\u0131m olarak nitelendirilebilir.&nbsp;<\/p><p>&nbsp;Sanat eserleri ya\u015fayan, insan ile ya\u015fayan varl\u0131klard\u0131r. Toplum ile \u015fekillenen de\u011fi\u015fen \u00e7a\u011fa ve d\u00fczene ayak uydurmay\u0131 ba\u015farabilen, \u015fehrin karma\u015fas\u0131 i\u00e7erisinde kendisine yer edinebilen sanat eseri \u015fehrin par\u00e7as\u0131 olman\u0131n \u00f6tesinde \u015fehrin kendisi olmaya ba\u015flar. Ba\u015fkentin bizimle ya\u015fayan simgeleri, belki de o simgelerle ya\u015fayan bizler; Cumhuriyetin kurulu\u015fundan beri bu \u015fehri payla\u015f\u0131yoruz. Ankara denilince akla ilk gelen \u015feyler i\u00e7inde hep onlardan biri oluyor. Her g\u00fcn \u00f6nlerinden ge\u00e7iyoruz bu heykellerin, baz\u0131lar\u0131m\u0131z her sabah tam kar\u015f\u0131s\u0131ndaki durakta otob\u00fcs bekliyoruz, k\u0131\u015f\u0131n bizimle Ankara\u2019n\u0131n o keskin ayaz\u0131na g\u00f6\u011f\u00fcs geriyorlar, yeri geliyor yaz\u0131n g\u00f6lgelerinde durup bir nefes al\u0131yoruz, \u2018\u2019neredesin?\u2019\u2019 sorusuna onlardan birinin \u00f6n\u00fcnde yan\u0131t verip uzun uzun bekliyor oluyoruz. Biz onlarla onlar bizimle var oluyor Ankara\u2019n\u0131n s\u00f6zde gri d\u00fczeni i\u00e7erisinde.&nbsp;<\/p>\n<p>&nbsp;Bu harita Ankara sokaklar\u0131n\u0131n sessiz sakinlerini yak\u0131ndan tan\u0131mam\u0131z\u0131, onlara her zamankinden farkl\u0131 bir g\u00f6zle yakla\u015fmam\u0131z\u0131, onlar\u0131n bizi tan\u0131d\u0131\u011f\u0131 kadar bizim de onlar\u0131 tan\u0131mam\u0131z\u0131 sa\u011flamay\u0131 hedefliyor. Hepsinin isimleri, tarihleri, baz\u0131lar\u0131n\u0131n hi\u00e7 beklemedi\u011finiz hikayeleri, ya\u015fanm\u0131\u015fl\u0131klar\u0131, hatta t\u0131pk\u0131 bizle gibi kay\u0131plar\u0131 bile var.&nbsp;<\/p>\n<p>&nbsp;Umar\u0131z ki bu harita e\u015fli\u011finde yola \u00e7\u0131kar; arkada\u015flar\u0131n\u0131zla keyif dolu bir g\u00fcnde ya da kulakl\u0131\u011f\u0131n\u0131zla Ulus\u2019tan K\u0131z\u0131lay&#8217;a, K\u0131z\u0131lay\u2019dan Ku\u011fulu\u2019ya y\u00fcr\u00fcyece\u011finiz sakin bir ak\u015fam \u00fczerinde hepsine teker teker u\u011frar ve bizden de selam s\u00f6ylersiniz.<\/p>\t\t\t\t\t\t<\/div>\n\t\t\t\t<\/div>\n\t\t\t\t\t<\/div>\n\t\t\t\t<\/div>\n\t\t<div class=\"elementor-element elementor-element-ca760b5 e-flex e-con-boxed e-con e-parent\" data-id=\"ca760b5\" data-element_type=\"container\" data-settings=\"{&quot;content_width&quot;:&quot;boxed&quot;}\" data-core-v316-plus=\"true\">\n\t\t\t\t\t<div class=\"e-con-inner\">\n\t\t\t\t<div class=\"elementor-element elementor-element-8dc2471 elementor-widget elementor-widget-image\" data-id=\"8dc2471\" data-element_type=\"widget\" data-widget_type=\"image.default\">\n\t\t\t\t<div class=\"elementor-widget-container\">\n\t\t\t\t\t\t\t\t\t\t\t\t\t\t\t<img decoding=\"async\" width=\"1024\" height=\"724\" src=\"https:\/\/ankaroad.com.tr\/wp-content\/uploads\/2024\/01\/bitirmeprojesibak-3-1024x724.png\" class=\"attachment-large size-large wp-image-407\" alt=\"\" srcset=\"https:\/\/ankaroad.com.tr\/wp-content\/uploads\/2024\/01\/bitirmeprojesibak-3-1024x724.png 1024w, https:\/\/ankaroad.com.tr\/wp-content\/uploads\/2024\/01\/bitirmeprojesibak-3-300x212.png 300w, https:\/\/ankaroad.com.tr\/wp-content\/uploads\/2024\/01\/bitirmeprojesibak-3-768x543.png 768w, https:\/\/ankaroad.com.tr\/wp-content\/uploads\/2024\/01\/bitirmeprojesibak-3-1536x1086.png 1536w, https:\/\/ankaroad.com.tr\/wp-content\/uploads\/2024\/01\/bitirmeprojesibak-3.png 1684w\" sizes=\"(max-width: 1024px) 100vw, 1024px\" \/>\t\t\t\t\t\t\t\t\t\t\t\t\t\t\t<\/div>\n\t\t\t\t<\/div>\n\t\t\t\t\t<\/div>\n\t\t\t\t<\/div>\n\t\t\t\t\t\t\t<\/div>\n\t\t","protected":false},"excerpt":{"rendered":"<p>&nbsp;&#8220;Sakin Sessizler Ankara&#8221; projesi, AnkaRoad&#8217;\u0131n olu\u015fumuna \u00f6nc\u00fc olan \u00e7al\u0131\u015fmad\u0131r. Bu \u00e7al\u0131\u015fman\u0131n y\u00fcr\u00fct\u00fclme s\u00fcreci, sanat eserlerinin dijital \u00e7izimleri, eserler hakk\u0131nda edinilen bilgiler \u015fu an AnkaRoad&#8217;\u0131n olu\u015fma s\u00fcrecine katk\u0131 sa\u011flam\u0131\u015f ve daha kapsaml\u0131 hale gelmesini sa\u011flam\u0131\u015f bir ilk ad\u0131m olarak nitelendirilebilir.&nbsp; &nbsp;Sanat eserleri ya\u015fayan, insan ile ya\u015fayan varl\u0131klard\u0131r. Toplum ile \u015fekillenen de\u011fi\u015fen \u00e7a\u011fa ve d\u00fczene ayak uydurmay\u0131&hellip;<\/p>\n","protected":false},"author":1,"featured_media":0,"parent":0,"menu_order":0,"comment_status":"closed","ping_status":"closed","template":"","meta":{"footnotes":""},"class_list":["post-290","page","type-page","status-publish","hentry"],"_links":{"self":[{"href":"https:\/\/ankaroad.com.tr\/index.php?rest_route=\/wp\/v2\/pages\/290","targetHints":{"allow":["GET"]}}],"collection":[{"href":"https:\/\/ankaroad.com.tr\/index.php?rest_route=\/wp\/v2\/pages"}],"about":[{"href":"https:\/\/ankaroad.com.tr\/index.php?rest_route=\/wp\/v2\/types\/page"}],"author":[{"embeddable":true,"href":"https:\/\/ankaroad.com.tr\/index.php?rest_route=\/wp\/v2\/users\/1"}],"replies":[{"embeddable":true,"href":"https:\/\/ankaroad.com.tr\/index.php?rest_route=%2Fwp%2Fv2%2Fcomments&post=290"}],"version-history":[{"count":6,"href":"https:\/\/ankaroad.com.tr\/index.php?rest_route=\/wp\/v2\/pages\/290\/revisions"}],"predecessor-version":[{"id":432,"href":"https:\/\/ankaroad.com.tr\/index.php?rest_route=\/wp\/v2\/pages\/290\/revisions\/432"}],"wp:attachment":[{"href":"https:\/\/ankaroad.com.tr\/index.php?rest_route=%2Fwp%2Fv2%2Fmedia&parent=290"}],"curies":[{"name":"wp","href":"https:\/\/api.w.org\/{rel}","templated":true}]}}