{"id":384,"date":"2024-01-10T23:03:13","date_gmt":"2024-01-10T23:03:13","guid":{"rendered":"https:\/\/ankaroad.com.tr\/?page_id=384"},"modified":"2024-01-11T15:02:09","modified_gmt":"2024-01-11T15:02:09","slug":"hakkimizda","status":"publish","type":"page","link":"https:\/\/ankaroad.com.tr\/?page_id=384","title":{"rendered":"Hakk\u0131m\u0131zda"},"content":{"rendered":"\n<figure class=\"wp-block-image size-full\"><img decoding=\"async\" width=\"200\" height=\"80\" src=\"https:\/\/ankaroad.com.tr\/wp-content\/uploads\/2024\/01\/Group-11-2.png\" alt=\"\" class=\"wp-image-396\"\/><\/figure>\n\n\n\n<p>AnkaRoad 2023 Mart ay\u0131ndan bu yana Ankara&#8217;daki sokak heykellerini g\u00fcndeme alan ve bu sokak heykelleri hakk\u0131nda ara\u015ft\u0131rmalar y\u00fcr\u00fcterek g\u00fcndelik ya\u015fant\u0131m\u0131z i\u00e7erisine dahil etmeyi ama\u00e7layan bir proje. Bu ba\u011flamda \u00f6ncelikli olarak Ulus- Ku\u011fulu park aras\u0131nda 20 sokak heykelini g\u00fcndeme alarak inceleyen, dijital \u00e7izimlerini, foto\u011fraf \u00e7ekimlerini, ara\u015ft\u0131rmalar\u0131n\u0131 yaparak bir fiziki sanat haritas\u0131na d\u00f6n\u00fc\u015ft\u00fcrmeyi ba\u015farm\u0131\u015f olduk. \u015eimdi ise daha geni\u015f bir alan i\u00e7erisinde yaratmak istedi\u011fimiz dijital sanat haritas\u0131n\u0131 Cumhuriyetimizin Ba\u015fkentine ve t\u00fcm sanat severlere sunmay\u0131 ama\u00e7l\u0131yoruz. Bu yolculukta bizlere e\u015flik etmeniz i\u00e7in yapt\u0131\u011f\u0131m\u0131z bu haritay\u0131 umar\u0131z sizler de seversiniz. <\/p>\n\n\n\n<p>Esmanur \u00c7a\u011flar <\/p>\n\n\n\n<p>Ankara Y\u0131ld\u0131r\u0131m Beyaz\u0131t \u00dcniversite G\u00f6rsel \u0130leti\u015fim Tasar\u0131m\u0131 Tezli Y\u00fcksek Lisans \u00d6\u011fr.<\/p>\n\n\n\n<p>Ocak 2024<\/p>\n","protected":false},"excerpt":{"rendered":"<p>AnkaRoad 2023 Mart ay\u0131ndan bu yana Ankara&#8217;daki sokak heykellerini g\u00fcndeme alan ve bu sokak heykelleri hakk\u0131nda ara\u015ft\u0131rmalar y\u00fcr\u00fcterek g\u00fcndelik ya\u015fant\u0131m\u0131z i\u00e7erisine dahil etmeyi ama\u00e7layan bir proje. Bu ba\u011flamda \u00f6ncelikli olarak Ulus- Ku\u011fulu park aras\u0131nda 20 sokak heykelini g\u00fcndeme alarak inceleyen, dijital \u00e7izimlerini, foto\u011fraf \u00e7ekimlerini, ara\u015ft\u0131rmalar\u0131n\u0131 yaparak bir fiziki sanat haritas\u0131na d\u00f6n\u00fc\u015ft\u00fcrmeyi ba\u015farm\u0131\u015f olduk. \u015eimdi ise&hellip;<\/p>\n","protected":false},"author":1,"featured_media":0,"parent":0,"menu_order":0,"comment_status":"closed","ping_status":"closed","template":"","meta":{"footnotes":""},"class_list":["post-384","page","type-page","status-publish","hentry"],"_links":{"self":[{"href":"https:\/\/ankaroad.com.tr\/index.php?rest_route=\/wp\/v2\/pages\/384","targetHints":{"allow":["GET"]}}],"collection":[{"href":"https:\/\/ankaroad.com.tr\/index.php?rest_route=\/wp\/v2\/pages"}],"about":[{"href":"https:\/\/ankaroad.com.tr\/index.php?rest_route=\/wp\/v2\/types\/page"}],"author":[{"embeddable":true,"href":"https:\/\/ankaroad.com.tr\/index.php?rest_route=\/wp\/v2\/users\/1"}],"replies":[{"embeddable":true,"href":"https:\/\/ankaroad.com.tr\/index.php?rest_route=%2Fwp%2Fv2%2Fcomments&post=384"}],"version-history":[{"count":4,"href":"https:\/\/ankaroad.com.tr\/index.php?rest_route=\/wp\/v2\/pages\/384\/revisions"}],"predecessor-version":[{"id":397,"href":"https:\/\/ankaroad.com.tr\/index.php?rest_route=\/wp\/v2\/pages\/384\/revisions\/397"}],"wp:attachment":[{"href":"https:\/\/ankaroad.com.tr\/index.php?rest_route=%2Fwp%2Fv2%2Fmedia&parent=384"}],"curies":[{"name":"wp","href":"https:\/\/api.w.org\/{rel}","templated":true}]}}